{"id":1615,"date":"2020-10-20T16:23:55","date_gmt":"2020-10-20T14:23:55","guid":{"rendered":"https:\/\/www.baugroup.com\/impressum\/"},"modified":"2025-12-03T14:15:20","modified_gmt":"2025-12-03T13:15:20","slug":"note-legali","status":"publish","type":"page","link":"https:\/\/www.baugroup.com\/it\/note-legali\/","title":{"rendered":"Note legali"},"content":{"rendered":"\t\t<div data-elementor-type=\"wp-page\" data-elementor-id=\"1615\" class=\"elementor elementor-1615 elementor-16\" data-elementor-post-type=\"page\">\n\t\t\t\t\t\t<section class=\"elementor-section elementor-top-section elementor-element elementor-element-fe12fe3 elementor-section-boxed elementor-section-height-default elementor-section-height-default\" data-id=\"fe12fe3\" data-element_type=\"section\" data-e-type=\"section\">\n\t\t\t\t\t\t<div class=\"elementor-container elementor-column-gap-default\">\n\t\t\t\t\t<div class=\"elementor-column elementor-col-100 elementor-top-column elementor-element elementor-element-feaa8d8\" data-id=\"feaa8d8\" data-element_type=\"column\" data-e-type=\"column\">\n\t\t\t<div class=\"elementor-widget-wrap elementor-element-populated\">\n\t\t\t\t\t\t<div class=\"elementor-element elementor-element-b33633c elementor-widget elementor-widget-spacer\" data-id=\"b33633c\" data-element_type=\"widget\" data-e-type=\"widget\" data-widget_type=\"spacer.default\">\n\t\t\t\t<div class=\"elementor-widget-container\">\n\t\t\t\t\t\t\t<div class=\"elementor-spacer\">\n\t\t\t<div class=\"elementor-spacer-inner\"><\/div>\n\t\t<\/div>\n\t\t\t\t\t\t<\/div>\n\t\t\t\t<\/div>\n\t\t\t\t<div class=\"elementor-element elementor-element-8ba0a71 elementor-widget elementor-widget-text-editor\" data-id=\"8ba0a71\" data-element_type=\"widget\" data-e-type=\"widget\" data-widget_type=\"text-editor.default\">\n\t\t\t\t<div class=\"elementor-widget-container\">\n\t\t\t\t\t\t\t\t\t<p><span style=\"font-size: 41px; font-weight: bold;\">Note legali Baugroup Alto Adige<\/span><\/p>\n<h4>&nbsp;<\/h4>\n<h4>Responsabile:<\/h4>\n<p>Baugroup S.p.A.<br>Via Isarco 1<br>I-39040 Varna<br>Tel +39.0472 200 508<br><a href=\"https:\/\/www.baugroup.com\/it\/\">www.baugroup.com<\/a><br>info@baugroup.com<br>Part.IVA: IT01751810217<\/p>\n<p><strong>Rappresentato e responsabile del contenuto:<\/strong><br>Boris Longo<br>commerciale@baugroup.com<br>I-39040 Varna<br>Tel +39.0472 200 508<\/p>\n<h4>&nbsp;<\/h4>\n<h4>Riferimento grafica, immagini, foto e testi<\/h4>\n<p>Boris Longo, Pixabay, Pexels<\/p>\n<h4>&nbsp;<\/h4>\n<h4>Concetto, design e realizzazione:<\/h4>\n<p>Minedesign SNC<br>di Daniel Olivieri e Matthias Mur<br>via Fraghes 6 &#8211; 39043 Chiusa<br>Tel.: +39 0472 847 216<br><a href=\"mailto:info@minedesign.it\">info@minedesign.it<\/a><br><a href=\"http:\/\/www.minedesign.it\">www.minedesign.it<\/a><br>Part. IVA: IT02961340219<\/p>\n<h4>&nbsp;<\/h4>\n<h3>&nbsp;<\/h3>\n<h3>Dichiariazione liberatoria<\/h3>\n<h4>Responsabilit\u00e0 per contenuti<\/h4>\n<p>I contenuti delle nostre pagine sono stati creati con la massima cura. Tuttavia, non ci assumiamo alcuna responsabilit\u00e0 per la correttezza, la completezza e l&#8217;attualit\u00e0 dei contenuti. In qualit\u00e0 di fornitore di servizi, siamo responsabili dei contenuti di queste pagine in conformit\u00e0 con le leggi generali. Tuttavia, in qualit\u00e0 di fornitore di servizi, non siamo obbligati a controllare le informazioni trasmesse o memorizzate da terzi o a indagare su circostanze che indicano un&#8217;attivit\u00e0 illegale. L&#8217;obbligo di rimuovere o bloccare l&#8217;uso delle informazioni in conformit\u00e0 alle leggi generali rimane inalterato. Tuttavia, la responsabilit\u00e0 a tale riguardo \u00e8 possibile solo a partire dal momento in cui si viene a conoscenza di una violazione concreta della legge. Non appena veniamo a conoscenza di tali violazioni, provvederemo a rimuovere immediatamente questi contenuti.<\/p>\n<h4>Responsabilit\u00e0 per i link<\/h4>\n<p>La nostra offerta contiene link a siti web esterni di terzi, sui cui contenuti non abbiamo alcuna influenza. Pertanto, non possiamo assumerci alcuna responsabilit\u00e0 per questi contenuti esterni. Il rispettivo fornitore o gestore delle pagine \u00e8 sempre responsabile dei contenuti delle pagine collegate. Le pagine collegate sono state controllate per verificare l&#8217;assenza di possibili infrazioni legali al momento del collegamento. I contenuti illegali non erano riconoscibili al momento del collegamento. Tuttavia, un controllo permanente dei contenuti delle pagine collegate non \u00e8 ragionevole senza prove concrete di una violazione della legge. Noi rimuoveremo tali link immediatamente dopo essere venuti a conoscenza di eventuali violazioni della legge.<\/p>\n<h4>Copyright<\/h4>\n<p>I contenuti e le opere presenti su queste pagine create dal proprietario del sito web e da terzi con accesso amministratore sono soggetti a copyright. La duplicazione, l&#8217;elaborazione, la distribuzione e qualsiasi forma di commercializzazione di tale materiale al di fuori dell&#8217;ambito della legge sul diritto d&#8217;autore richiede il previo consenso scritto del rispettivo autore o creatore. Il download e le copie di queste pagine sono consentiti solo per uso privato e non commerciale. Nella misura in cui il contenuto di questo sito non \u00e8 stato creato dal gestore, i diritti d&#8217;autore di terzi sono rispettati. In particolare, i contenuti di terzi sono contrassegnati come tali. Qualora venisse comunque a conoscenza di una violazione del diritto d&#8217;autore, la preghiamo di informarci di conseguenza. Non appena ci rendiamo conto di eventuali violazioni della legge, elimineremo immediatamente tali contenuti.<\/p>\n<h4>&nbsp;<\/h4>\n<h4>Informazioni NON contenute in questa note legale<\/h4>\n<p>Ulteriori informazioni possono essere richieste in qualsiasi momento al responsabile utilizzando i dati di contatto forniti. Questa note legale riguarda solo questo sito web.<\/p>\t\t\t\t\t\t\t\t<\/div>\n\t\t\t\t<\/div>\n\t\t\t\t\t<\/div>\n\t\t<\/div>\n\t\t\t\t\t<\/div>\n\t\t<\/section>\n\t\t\t\t<\/div>\n\t\t","protected":false},"excerpt":{"rendered":"<p>Note legali Baugroup Alto Adige &nbsp; Responsabile: Baugroup S.p.A.Via Isarco 1I-39040 VarnaTel +39.0472 200 508www.baugroup.cominfo@baugroup.comPart.IVA: IT01751810217 Rappresentato e responsabile del contenuto:Boris Longocommerciale@baugroup.comI-39040 VarnaTel +39.0472 200 508 &nbsp; Riferimento grafica, immagini, foto e testi Boris Longo, Pixabay, Pexels &nbsp; Concetto, design e realizzazione: Minedesign SNCdi Daniel Olivieri e Matthias Murvia Fraghes 6 &#8211; 39043 ChiusaTel.: +39 [&hellip;]<\/p>\n","protected":false},"author":1,"featured_media":0,"parent":0,"menu_order":0,"comment_status":"closed","ping_status":"closed","template":"","meta":{"footnotes":""},"class_list":["post-1615","page","type-page","status-publish","hentry"],"yoast_head":"<!-- This site is optimized with the Yoast SEO plugin v27.1.1 - https:\/\/yoast.com\/product\/yoast-seo-wordpress\/ -->\n<title>Note legali | Gruppo rivenditori edili Baugroup Alto Adige<\/title>\n<meta name=\"description\" content=\"Baugroup Alto Adige | Gruppo di rivenditori di materiali edili con 12 aziende associate. Disponibilit\u00e0 completa di materiali di alta qualit\u00e0\" \/>\n<meta name=\"robots\" content=\"index, follow, max-snippet:-1, max-image-preview:large, max-video-preview:-1\" \/>\n<link rel=\"canonical\" href=\"https:\/\/www.baugroup.com\/it\/note-legali\/\" \/>\n<meta property=\"og:locale\" content=\"it_IT\" \/>\n<meta property=\"og:type\" content=\"article\" \/>\n<meta property=\"og:title\" content=\"Note legali | Gruppo rivenditori edili Baugroup Alto Adige\" \/>\n<meta property=\"og:description\" content=\"Baugroup Alto Adige | Gruppo di rivenditori di materiali edili con 12 aziende associate. Disponibilit\u00e0 completa di materiali di alta qualit\u00e0\" \/>\n<meta property=\"og:url\" content=\"https:\/\/www.baugroup.com\/it\/note-legali\/\" \/>\n<meta property=\"og:site_name\" content=\"Baugroup\" \/>\n<meta property=\"article:modified_time\" content=\"2025-12-03T13:15:20+00:00\" \/>\n<meta name=\"twitter:card\" content=\"summary_large_image\" \/>\n<meta name=\"twitter:label1\" content=\"Tempo di lettura stimato\" \/>\n\t<meta name=\"twitter:data1\" content=\"3 minuti\" \/>\n<script type=\"application\/ld+json\" class=\"yoast-schema-graph\">{\"@context\":\"https:\/\/schema.org\",\"@graph\":[{\"@type\":\"WebPage\",\"@id\":\"https:\/\/www.baugroup.com\/it\/note-legali\/\",\"url\":\"https:\/\/www.baugroup.com\/it\/note-legali\/\",\"name\":\"Note legali | Gruppo rivenditori edili Baugroup Alto Adige\",\"isPartOf\":{\"@id\":\"https:\/\/www.baugroup.com\/it\/#website\"},\"datePublished\":\"2020-10-20T14:23:55+00:00\",\"dateModified\":\"2025-12-03T13:15:20+00:00\",\"description\":\"Baugroup Alto Adige | Gruppo di rivenditori di materiali edili con 12 aziende associate. Disponibilit\u00e0 completa di materiali di alta qualit\u00e0\",\"breadcrumb\":{\"@id\":\"https:\/\/www.baugroup.com\/it\/note-legali\/#breadcrumb\"},\"inLanguage\":\"it-IT\",\"potentialAction\":[{\"@type\":\"ReadAction\",\"target\":[\"https:\/\/www.baugroup.com\/it\/note-legali\/\"]}]},{\"@type\":\"BreadcrumbList\",\"@id\":\"https:\/\/www.baugroup.com\/it\/note-legali\/#breadcrumb\",\"itemListElement\":[{\"@type\":\"ListItem\",\"position\":1,\"name\":\"Startseite\",\"item\":\"https:\/\/www.baugroup.com\/it\/\"},{\"@type\":\"ListItem\",\"position\":2,\"name\":\"Note legali\"}]},{\"@type\":\"WebSite\",\"@id\":\"https:\/\/www.baugroup.com\/it\/#website\",\"url\":\"https:\/\/www.baugroup.com\/it\/\",\"name\":\"Baugroup\",\"description\":\"Baustoffh\u00e4ndlergruppe S\u00fcdtirol\",\"publisher\":{\"@id\":\"https:\/\/www.baugroup.com\/it\/#organization\"},\"potentialAction\":[{\"@type\":\"SearchAction\",\"target\":{\"@type\":\"EntryPoint\",\"urlTemplate\":\"https:\/\/www.baugroup.com\/it\/?s={search_term_string}\"},\"query-input\":{\"@type\":\"PropertyValueSpecification\",\"valueRequired\":true,\"valueName\":\"search_term_string\"}}],\"inLanguage\":\"it-IT\"},{\"@type\":\"Organization\",\"@id\":\"https:\/\/www.baugroup.com\/it\/#organization\",\"name\":\"Baugroup GmbH\",\"url\":\"https:\/\/www.baugroup.com\/it\/\",\"logo\":{\"@type\":\"ImageObject\",\"inLanguage\":\"it-IT\",\"@id\":\"https:\/\/www.baugroup.com\/it\/#\/schema\/logo\/image\/\",\"url\":\"https:\/\/www.baugroup.com\/wp-content\/uploads\/2020\/10\/Baugroup-Logo-Web.png\",\"contentUrl\":\"https:\/\/www.baugroup.com\/wp-content\/uploads\/2020\/10\/Baugroup-Logo-Web.png\",\"width\":1500,\"height\":388,\"caption\":\"Baugroup GmbH\"},\"image\":{\"@id\":\"https:\/\/www.baugroup.com\/it\/#\/schema\/logo\/image\/\"}}]}<\/script>\n<!-- \/ Yoast SEO plugin. -->","yoast_head_json":{"title":"Note legali | Gruppo rivenditori edili Baugroup Alto Adige","description":"Baugroup Alto Adige | Gruppo di rivenditori di materiali edili con 12 aziende associate. Disponibilit\u00e0 completa di materiali di alta qualit\u00e0","robots":{"index":"index","follow":"follow","max-snippet":"max-snippet:-1","max-image-preview":"max-image-preview:large","max-video-preview":"max-video-preview:-1"},"canonical":"https:\/\/www.baugroup.com\/it\/note-legali\/","og_locale":"it_IT","og_type":"article","og_title":"Note legali | Gruppo rivenditori edili Baugroup Alto Adige","og_description":"Baugroup Alto Adige | Gruppo di rivenditori di materiali edili con 12 aziende associate. Disponibilit\u00e0 completa di materiali di alta qualit\u00e0","og_url":"https:\/\/www.baugroup.com\/it\/note-legali\/","og_site_name":"Baugroup","article_modified_time":"2025-12-03T13:15:20+00:00","twitter_card":"summary_large_image","twitter_misc":{"Tempo di lettura stimato":"3 minuti"},"schema":{"@context":"https:\/\/schema.org","@graph":[{"@type":"WebPage","@id":"https:\/\/www.baugroup.com\/it\/note-legali\/","url":"https:\/\/www.baugroup.com\/it\/note-legali\/","name":"Note legali | Gruppo rivenditori edili Baugroup Alto Adige","isPartOf":{"@id":"https:\/\/www.baugroup.com\/it\/#website"},"datePublished":"2020-10-20T14:23:55+00:00","dateModified":"2025-12-03T13:15:20+00:00","description":"Baugroup Alto Adige | Gruppo di rivenditori di materiali edili con 12 aziende associate. Disponibilit\u00e0 completa di materiali di alta qualit\u00e0","breadcrumb":{"@id":"https:\/\/www.baugroup.com\/it\/note-legali\/#breadcrumb"},"inLanguage":"it-IT","potentialAction":[{"@type":"ReadAction","target":["https:\/\/www.baugroup.com\/it\/note-legali\/"]}]},{"@type":"BreadcrumbList","@id":"https:\/\/www.baugroup.com\/it\/note-legali\/#breadcrumb","itemListElement":[{"@type":"ListItem","position":1,"name":"Startseite","item":"https:\/\/www.baugroup.com\/it\/"},{"@type":"ListItem","position":2,"name":"Note legali"}]},{"@type":"WebSite","@id":"https:\/\/www.baugroup.com\/it\/#website","url":"https:\/\/www.baugroup.com\/it\/","name":"Baugroup","description":"Baustoffh\u00e4ndlergruppe S\u00fcdtirol","publisher":{"@id":"https:\/\/www.baugroup.com\/it\/#organization"},"potentialAction":[{"@type":"SearchAction","target":{"@type":"EntryPoint","urlTemplate":"https:\/\/www.baugroup.com\/it\/?s={search_term_string}"},"query-input":{"@type":"PropertyValueSpecification","valueRequired":true,"valueName":"search_term_string"}}],"inLanguage":"it-IT"},{"@type":"Organization","@id":"https:\/\/www.baugroup.com\/it\/#organization","name":"Baugroup GmbH","url":"https:\/\/www.baugroup.com\/it\/","logo":{"@type":"ImageObject","inLanguage":"it-IT","@id":"https:\/\/www.baugroup.com\/it\/#\/schema\/logo\/image\/","url":"https:\/\/www.baugroup.com\/wp-content\/uploads\/2020\/10\/Baugroup-Logo-Web.png","contentUrl":"https:\/\/www.baugroup.com\/wp-content\/uploads\/2020\/10\/Baugroup-Logo-Web.png","width":1500,"height":388,"caption":"Baugroup GmbH"},"image":{"@id":"https:\/\/www.baugroup.com\/it\/#\/schema\/logo\/image\/"}}]}},"_links":{"self":[{"href":"https:\/\/www.baugroup.com\/it\/wp-json\/wp\/v2\/pages\/1615","targetHints":{"allow":["GET"]}}],"collection":[{"href":"https:\/\/www.baugroup.com\/it\/wp-json\/wp\/v2\/pages"}],"about":[{"href":"https:\/\/www.baugroup.com\/it\/wp-json\/wp\/v2\/types\/page"}],"author":[{"embeddable":true,"href":"https:\/\/www.baugroup.com\/it\/wp-json\/wp\/v2\/users\/1"}],"replies":[{"embeddable":true,"href":"https:\/\/www.baugroup.com\/it\/wp-json\/wp\/v2\/comments?post=1615"}],"version-history":[{"count":6,"href":"https:\/\/www.baugroup.com\/it\/wp-json\/wp\/v2\/pages\/1615\/revisions"}],"predecessor-version":[{"id":2669,"href":"https:\/\/www.baugroup.com\/it\/wp-json\/wp\/v2\/pages\/1615\/revisions\/2669"}],"wp:attachment":[{"href":"https:\/\/www.baugroup.com\/it\/wp-json\/wp\/v2\/media?parent=1615"}],"curies":[{"name":"wp","href":"https:\/\/api.w.org\/{rel}","templated":true}]}}